{"id":8811,"date":"2024-02-22T07:59:12","date_gmt":"2024-02-22T07:59:12","guid":{"rendered":"https:\/\/dev.kodesolution.com\/enfinix\/?page_id=8811"},"modified":"2025-08-25T21:14:58","modified_gmt":"2025-08-26T00:14:58","slug":"servicos","status":"publish","type":"page","link":"https:\/\/flowmidia.com.br\/index.php\/servicos\/","title":{"rendered":"Servi\u00e7os"},"content":{"rendered":"\t\t<div data-elementor-type=\"wp-page\" data-elementor-id=\"8811\" class=\"elementor elementor-8811\">\n\t\t\t\t<div class=\"elementor-element elementor-element-7a9ef3d e-flex e-con-boxed tm-col-stretched-none tm-bg-color-over-image e-con e-parent\" data-id=\"7a9ef3d\" data-element_type=\"container\" data-settings=\"{&quot;background_background&quot;:&quot;classic&quot;}\" data-core-v316-plus=\"true\">\n\t\t\t\t\t<div class=\"e-con-inner\">\n\t\t<div class=\"elementor-element elementor-element-0bf1c81 tm-col-stretched-none e-flex e-con-boxed tm-bg-color-over-image e-con e-child\" data-id=\"0bf1c81\" data-element_type=\"container\">\n\t\t\t\t\t<div class=\"e-con-inner\">\n\t\t<div class=\"elementor-element elementor-element-ca9052d tm-col-stretched-none e-flex e-con-boxed tm-bg-color-over-image e-con e-child\" data-id=\"ca9052d\" data-element_type=\"container\">\n\t\t\t\t\t<div class=\"e-con-inner\">\n\t\t\t\t<div class=\"elementor-element elementor-element-9cd6551 elementor-widget elementor-widget-tm-ele-service-block\" data-id=\"9cd6551\" data-element_type=\"widget\" data-widget_type=\"tm-ele-service-block.skin-style1\">\n\t\t\t\t<div class=\"elementor-widget-container\">\n\t\t\t\t<div class=\"tm-sc-service tm-service-grid\">\r\n\t\t<!-- Isotope Gallery Grid -->\r\n\t\t<div id=\"service-block-holder-153199\" class=\"isotope-layout grid-3 gutter-10   clearfix\">\r\n\t\t\t<div class=\"isotope-layout-inner\">\r\n\t\t\t\t<!-- the loop -->\r\n\t\t\t\t\t\t\t\t\t\t\t\t\t\t\t\t<div class=\"isotope-item service-item \" data-wow-delay=\"\">\r\n\t\t\t\t\t<!-- Service Block Style1-->\r\n<div class=\"service-block-style1\">\r\n    <div class=\"thumb\">\r\n      \r\n\t\t\r\n<div class=\"service-featured-img\">\r\n\t<img fetchpriority=\"high\" decoding=\"async\" src=\"https:\/\/flowmidia.com.br\/wp-content\/uploads\/2024\/10\/imagem-blog-flowmidia.webp\" width=\"600\" height=\"400\" alt=\"\">\r\n<\/div>    <\/div>\r\n    <div class=\"content\">\r\n      <div class=\"service-icon\">\r\n\t<i aria-hidden=\"true\" class=\" flaticon-agency-quotes\"><\/i><\/div>      \r\n\t\t<h4 class=\"service-title\">\r\n\t\t\t\t<a\r\n\t\t\t\t\t\thref=\"https:\/\/flowmidia.com.br\/index.php\/servicos\/blog\/\">\r\n\t\t\tBlog\t\t<\/a>\r\n\t\t\t<\/h4>\r\n\t      <div class=\"service-details\">Blogs s\u00e3o p\u00e1ginas online, atualizadas com frequ\u00eancia que servem para publicar conte\u00fados como artigos pessoais ou para empresas. Essas publica\u00e7\u00f5es s\u00e3o chamadas de posts...<\/div>\r\n          <\/div>\r\n    <div class=\"clearfix\"><\/div>\r\n  <\/div>\t\t\t\t<\/div>\r\n\t\t\t\t\t\t\t\t\t\t\t\t\t\t\t\t<div class=\"isotope-item service-item \" data-wow-delay=\"\">\r\n\t\t\t\t\t<!-- Service Block Style1-->\r\n<div class=\"service-block-style1\">\r\n    <div class=\"thumb\">\r\n      \r\n\t\t\r\n<div class=\"service-featured-img\">\r\n\t<img decoding=\"async\" src=\"https:\/\/flowmidia.com.br\/wp-content\/uploads\/2024\/10\/imagem-blog-home-flowmidia.avif\" width=\"626\" height=\"417\" alt=\"\">\r\n<\/div>    <\/div>\r\n    <div class=\"content\">\r\n      <div class=\"service-icon\">\r\n\t<i aria-hidden=\"true\" class=\" flaticon-agency-satisfaction\"><\/i><\/div>      \r\n\t\t<h4 class=\"service-title\">\r\n\t\t\t\t<a\r\n\t\t\t\t\t\thref=\"https:\/\/flowmidia.com.br\/index.php\/servicos\/redes-sociais\/\">\r\n\t\t\tGerenciamento de Redes Sociais\t\t<\/a>\r\n\t\t\t<\/h4>\r\n\t      <div class=\"service-details\">Com foco no engajamento, visando ganhar curtidas e seguidores, al\u00e9m de um bom relacionamento, manteremos uma comunica\u00e7\u00e3o direta entre voc\u00ea e seu cliente...<\/div>\r\n          <\/div>\r\n    <div class=\"clearfix\"><\/div>\r\n  <\/div>\t\t\t\t<\/div>\r\n\t\t\t\t\t\t\t\t\t\t\t\t\t\t\t\t<div class=\"isotope-item service-item \" data-wow-delay=\"\">\r\n\t\t\t\t\t<!-- Service Block Style1-->\r\n<div class=\"service-block-style1\">\r\n    <div class=\"thumb\">\r\n      \r\n\t\t\r\n<div class=\"service-featured-img\">\r\n\t<img decoding=\"async\" src=\"https:\/\/flowmidia.com.br\/wp-content\/uploads\/2024\/10\/imagem-trafegopago-flowmidia-672x448.png\" width=\"672\" height=\"448\" alt=\"\">\r\n<\/div>    <\/div>\r\n    <div class=\"content\">\r\n      <div class=\"service-icon\">\r\n\t<i aria-hidden=\"true\" class=\" flaticon-agency-user-interface\"><\/i><\/div>      \r\n\t\t<h4 class=\"service-title\">\r\n\t\t\t\t<a\r\n\t\t\t\t\t\thref=\"https:\/\/flowmidia.com.br\/index.php\/servicos\/trafego-pago\/\">\r\n\t\t\tTr\u00e1fego Pago\t\t<\/a>\r\n\t\t\t<\/h4>\r\n\t      <div class=\"service-details\">O Tr\u00e1fego Pago \u00e9 uma estrat\u00e9gia do Marketing Digital que permite gerar mais visitas em sites, perfis de redes sociais e at\u00e9 mesmo em aplicativos. Essa estrat\u00e9gia utiliza-se de an\u00fancios...<\/div>\r\n          <\/div>\r\n    <div class=\"clearfix\"><\/div>\r\n  <\/div>\t\t\t\t<\/div>\r\n\t\t\t\t\t\t\t\t\t\t\t\t\t\t\t\t<div class=\"isotope-item service-item \" data-wow-delay=\"\">\r\n\t\t\t\t\t<!-- Service Block Style1-->\r\n<div class=\"service-block-style1\">\r\n    <div class=\"thumb\">\r\n      \r\n\t\t\r\n<div class=\"service-featured-img\">\r\n\t<img loading=\"lazy\" decoding=\"async\" src=\"https:\/\/flowmidia.com.br\/wp-content\/uploads\/2024\/10\/imagem-otimizacao-de-site-flowmidia-672x448.jpg\" width=\"672\" height=\"448\" alt=\"\">\r\n<\/div>    <\/div>\r\n    <div class=\"content\">\r\n      <div class=\"service-icon\">\r\n\t<i aria-hidden=\"true\" class=\"far fa-chart-bar\"><\/i><\/div>      \r\n\t\t<h4 class=\"service-title\">\r\n\t\t\t\t<a\r\n\t\t\t\t\t\thref=\"https:\/\/flowmidia.com.br\/index.php\/servicos\/seo-orimizacao-de-sites\/\">\r\n\t\t\tSEO - Otmiza\u00e7\u00e3o de Sites\t\t<\/a>\r\n\t\t\t<\/h4>\r\n\t      <div class=\"service-details\">A sigla SEO - Search Engine Optimization, traduzindo para o portugu\u00eas significa, \u201cOtimiza\u00e7\u00e3o Para Mecanismos de Busca\u201d. Trata-se...<\/div>\r\n          <\/div>\r\n    <div class=\"clearfix\"><\/div>\r\n  <\/div>\t\t\t\t<\/div>\r\n\t\t\t\t\t\t\t\t\t\t\t\t\t\t\t\t<div class=\"isotope-item service-item \" data-wow-delay=\"\">\r\n\t\t\t\t\t<!-- Service Block Style1-->\r\n<div class=\"service-block-style1\">\r\n    <div class=\"thumb\">\r\n      \r\n\t\t\r\n<div class=\"service-featured-img\">\r\n\t<img loading=\"lazy\" decoding=\"async\" src=\"https:\/\/flowmidia.com.br\/wp-content\/uploads\/2024\/11\/imagem-home-consultoria-de-midias-sociais.avif\" width=\"626\" height=\"417\" alt=\"\">\r\n<\/div>    <\/div>\r\n    <div class=\"content\">\r\n      <div class=\"service-icon\">\r\n\t<i aria-hidden=\"true\" class=\" flaticon-agency-instructor\"><\/i><\/div>      \r\n\t\t<h4 class=\"service-title\">\r\n\t\t\t\t<a\r\n\t\t\t\t\t\thref=\"https:\/\/flowmidia.com.br\/index.php\/servicos\/consultoria-de-conteudo-de-redes-sociais\">\r\n\t\t\tConsultoria de Conte\u00fado de Redes Sociais\t\t<\/a>\r\n\t\t\t<\/h4>\r\n\t      <div class=\"service-details\">Consultoria em Redes Sociais \u00e9 um servi\u00e7o estrat\u00e9gico focado em oferecer orienta\u00e7\u00e3o especializada e dire\u00e7\u00e3o para otimizar a presen\u00e7a online de uma empresa ou marca. Esse servi\u00e7o envolve...<\/div>\r\n          <\/div>\r\n    <div class=\"clearfix\"><\/div>\r\n  <\/div>\t\t\t\t<\/div>\r\n\t\t\t\t\t\t\t\t<!-- end of the loop -->\r\n\t\t\t<\/div>\r\n\t\t<\/div>\r\n\t\t\t<\/div>\r\n\r\n\t\t<\/div>\n\t\t\t\t<\/div>\n\t\t\t\t\t<\/div>\n\t\t\t\t<\/div>\n\t\t\t\t\t<\/div>\n\t\t\t\t<\/div>\n\t\t\t\t\t<\/div>\n\t\t\t\t<\/div>\n\t\t\t\t<\/div>\n\t\t","protected":false},"excerpt":{"rendered":"<p>Blog Blogs s\u00e3o p\u00e1ginas online, atualizadas com frequ\u00eancia que servem para publicar conte\u00fados como artigos pessoais ou para empresas. Essas&#8230;<\/p>\n","protected":false},"author":1,"featured_media":0,"parent":0,"menu_order":0,"comment_status":"closed","ping_status":"closed","template":"","meta":{"footnotes":""},"class_list":["post-8811","page","type-page","status-publish","hentry"],"_links":{"self":[{"href":"https:\/\/flowmidia.com.br\/index.php\/wp-json\/wp\/v2\/pages\/8811","targetHints":{"allow":["GET"]}}],"collection":[{"href":"https:\/\/flowmidia.com.br\/index.php\/wp-json\/wp\/v2\/pages"}],"about":[{"href":"https:\/\/flowmidia.com.br\/index.php\/wp-json\/wp\/v2\/types\/page"}],"author":[{"embeddable":true,"href":"https:\/\/flowmidia.com.br\/index.php\/wp-json\/wp\/v2\/users\/1"}],"replies":[{"embeddable":true,"href":"https:\/\/flowmidia.com.br\/index.php\/wp-json\/wp\/v2\/comments?post=8811"}],"version-history":[{"count":44,"href":"https:\/\/flowmidia.com.br\/index.php\/wp-json\/wp\/v2\/pages\/8811\/revisions"}],"predecessor-version":[{"id":15274,"href":"https:\/\/flowmidia.com.br\/index.php\/wp-json\/wp\/v2\/pages\/8811\/revisions\/15274"}],"wp:attachment":[{"href":"https:\/\/flowmidia.com.br\/index.php\/wp-json\/wp\/v2\/media?parent=8811"}],"curies":[{"name":"wp","href":"https:\/\/api.w.org\/{rel}","templated":true}]}}