{"id":8544,"date":"2024-02-22T05:53:17","date_gmt":"2024-02-22T05:53:17","guid":{"rendered":"https:\/\/dev.kodesolution.com\/enfinix\/?page_id=8544"},"modified":"2024-10-22T16:25:51","modified_gmt":"2024-10-22T19:25:51","slug":"redes-sociais","status":"publish","type":"page","link":"https:\/\/flowmidia.com.br\/index.php\/servicos\/redes-sociais\/","title":{"rendered":"Redes Sociais"},"content":{"rendered":"\t\t<div data-elementor-type=\"wp-page\" data-elementor-id=\"8544\" class=\"elementor elementor-8544\">\n\t\t\t\t<div class=\"elementor-element elementor-element-dfdb880 e-flex e-con-boxed tm-col-stretched-none tm-bg-color-over-image e-con e-parent\" data-id=\"dfdb880\" data-element_type=\"container\" data-core-v316-plus=\"true\">\n\t\t\t\t\t<div class=\"e-con-inner\">\n\t\t<div class=\"elementor-element elementor-element-56fa4ba e-con-full e-flex tm-col-stretched-none tm-bg-color-over-image e-con e-child\" data-id=\"56fa4ba\" data-element_type=\"container\">\n\t\t\t\t<div class=\"elementor-element elementor-element-434ccb9 elementor-widget elementor-widget-tm-ele-navigation-menu\" data-id=\"434ccb9\" data-element_type=\"widget\" data-widget_type=\"tm-ele-navigation-menu.default\">\n\t\t\t\t<div class=\"elementor-widget-container\">\n\t\t\t<div class=\"tm-sc-simple-nav-menu\"><ul id=\"menu-service-menu\" class=\"\"><li id=\"menu-item-8589\" class=\"menu-item menu-item-type-post_type menu-item-object-page menu-item-8589\"><a href=\"https:\/\/flowmidia.com.br\/index.php\/servicos\/redes-sociais\/\"><i class=\"tm-nav-arrow-icon fas fa-arrow-right\"><\/i>Redes Sociais<\/a><\/li>\n<li id=\"menu-item-8590\" class=\"menu-item menu-item-type-post_type menu-item-object-page menu-item-8590\"><a href=\"https:\/\/flowmidia.com.br\/index.php\/servicos\/trafego-pago\/\"><i class=\"tm-nav-arrow-icon fas fa-arrow-right\"><\/i>Tr\u00e1fego Pago<\/a><\/li>\n<li id=\"menu-item-8588\" class=\"menu-item menu-item-type-post_type menu-item-object-page menu-item-8588\"><a href=\"https:\/\/flowmidia.com.br\/index.php\/servicos\/blog\/\"><i class=\"tm-nav-arrow-icon fas fa-arrow-right\"><\/i>Blog<\/a><\/li>\n<li id=\"menu-item-8593\" class=\"menu-item menu-item-type-post_type menu-item-object-page menu-item-8593\"><a href=\"https:\/\/flowmidia.com.br\/index.php\/servicos\/seo-otimizacao-de-sites\/\"><i class=\"tm-nav-arrow-icon fas fa-arrow-right\"><\/i>SEO \u2013 Otimiza\u00e7\u00e3o de Sites<\/a><\/li>\n<li id=\"menu-item-15278\" class=\"menu-item menu-item-type-post_type menu-item-object-page menu-item-15278\"><a href=\"https:\/\/flowmidia.com.br\/index.php\/servicos\/consultoria-de-conteudo-de-redes-sociais\/\"><i class=\"tm-nav-arrow-icon fas fa-arrow-right\"><\/i>Consultoria de Conte\u00fado<\/a><\/li>\n<\/ul><\/div>\t\t<\/div>\n\t\t\t\t<\/div>\n\t\t<div class=\"elementor-element elementor-element-e52927e e-con-full e-flex tm-col-stretched-none tm-bg-color-over-image e-con e-child\" data-id=\"e52927e\" data-element_type=\"container\" data-settings=\"{&quot;background_background&quot;:&quot;classic&quot;}\">\n\t\t<div class=\"elementor-element elementor-element-7fcda5b e-con-full e-flex tm-col-stretched-none tm-bg-color-over-image e-con e-child\" data-id=\"7fcda5b\" data-element_type=\"container\">\n\t\t\t\t<div class=\"elementor-element elementor-element-495243a elementor-widget elementor-widget-tm-ele-iconbox\" data-id=\"495243a\" data-element_type=\"widget\" data-widget_type=\"tm-ele-iconbox.default\">\n\t\t\t\t<div class=\"elementor-widget-container\">\n\t\t\t<div class=\"tm-sc-icon-box icon-box icon-top font-icon icon-top animate-hover icon-rotate-y\">\r\n\t\r\n  \t<div class=\"icon-box-wrapper\">\r\n\t\t\r\n\t\t<div class=\"icon-wrapper\">\r\n\t\t<div class=\"icon icon-circled icon-type-font-icon icon-sm\">\r\n\t\t\t<i aria-hidden=\"true\" class=\" flaticon-common-email-1\"><\/i>\t\t<\/div>\r\n\r\n\t\t\t<\/div>\r\n\t\t\t<div class=\"icon-text\">\r\n\t\t\t\t\t\t\r\n\t\t\t\t\t\t\t\t\t\t\t\r\n\t\t\t\r\n\t\r\n\t\t\t\t\t<\/div>\r\n\t\t<div class=\"clearfix\"><\/div>\r\n\t<\/div>\r\n<\/div>\t\t<\/div>\n\t\t\t\t<\/div>\n\t\t\t\t<div class=\"elementor-element elementor-element-b01af10 elementor-widget elementor-widget-heading\" data-id=\"b01af10\" data-element_type=\"widget\" data-widget_type=\"heading.default\">\n\t\t\t\t<div class=\"elementor-widget-container\">\n\t\t\t<style>\/*! elementor - v3.20.0 - 20-03-2024 *\/\n.elementor-heading-title{padding:0;margin:0;line-height:1}.elementor-widget-heading .elementor-heading-title[class*=elementor-size-]>a{color:inherit;font-size:inherit;line-height:inherit}.elementor-widget-heading .elementor-heading-title.elementor-size-small{font-size:15px}.elementor-widget-heading .elementor-heading-title.elementor-size-medium{font-size:19px}.elementor-widget-heading .elementor-heading-title.elementor-size-large{font-size:29px}.elementor-widget-heading .elementor-heading-title.elementor-size-xl{font-size:39px}.elementor-widget-heading .elementor-heading-title.elementor-size-xxl{font-size:59px}<\/style><h3 class=\"elementor-heading-title elementor-size-default\"><a href=\"https:\/\/flowmidia.com.br\/index.php\/contato\/\">Entre em contato!<\/a><\/h3>\t\t<\/div>\n\t\t\t\t<\/div>\n\t\t\t\t<\/div>\n\t\t\t\t<\/div>\n\t\t\t\t<\/div>\n\t\t<div class=\"elementor-element elementor-element-128e78e e-con-full e-flex tm-col-stretched-none tm-bg-color-over-image e-con e-child\" data-id=\"128e78e\" data-element_type=\"container\">\n\t\t\t\t<div class=\"elementor-element elementor-element-78360d7 elementor-widget elementor-widget-image\" data-id=\"78360d7\" data-element_type=\"widget\" data-widget_type=\"image.default\">\n\t\t\t\t<div class=\"elementor-widget-container\">\n\t\t\t<style>\/*! elementor - v3.20.0 - 20-03-2024 *\/\n.elementor-widget-image{text-align:center}.elementor-widget-image a{display:inline-block}.elementor-widget-image a img[src$=\".svg\"]{width:48px}.elementor-widget-image img{vertical-align:middle;display:inline-block}<\/style>\t\t\t\t\t\t\t\t\t\t<img fetchpriority=\"high\" decoding=\"async\" width=\"626\" height=\"417\" src=\"https:\/\/flowmidia.com.br\/wp-content\/uploads\/2024\/10\/imagem-blog-home-flowmidia.avif\" class=\"attachment-post-thumbnail size-post-thumbnail wp-image-15093\" alt=\"\" srcset=\"https:\/\/flowmidia.com.br\/wp-content\/uploads\/2024\/10\/imagem-blog-home-flowmidia.avif 626w, https:\/\/flowmidia.com.br\/wp-content\/uploads\/2024\/10\/imagem-blog-home-flowmidia-300x201.avif 300w\" sizes=\"(max-width: 626px) 100vw, 626px\" \/>\t\t\t\t\t\t\t\t\t\t\t\t\t<\/div>\n\t\t\t\t<\/div>\n\t\t\t\t<div class=\"elementor-element elementor-element-1d5298e elementor-widget elementor-widget-tm-ele-text-editor\" data-id=\"1d5298e\" data-element_type=\"widget\" data-widget_type=\"tm-ele-text-editor.default\">\n\t\t\t\t<div class=\"elementor-widget-container\">\n\t\t\t\t\t<div class=\"tm-text-editor\">\r\n\t\t<h3 class=\"mt-4\">N\u00f3s Gerenciamos Suas Redes Sociais!<\/h3>\t\t<\/div>\r\n\t\t\t<\/div>\n\t\t\t\t<\/div>\n\t\t\t\t<div class=\"elementor-element elementor-element-d67e2b6 elementor-widget elementor-widget-tm-ele-text-editor\" data-id=\"d67e2b6\" data-element_type=\"widget\" data-widget_type=\"tm-ele-text-editor.default\">\n\t\t\t\t<div class=\"elementor-widget-container\">\n\t\t\t\t\t<div class=\"tm-text-editor\">\r\n\t\t<p>Com foco no engajamento, visando ganhar curtidas e seguidores, al\u00e9m de um bom relacionamento, manteremos uma comunica\u00e7\u00e3o direta entre voc\u00ea e seu cliente.<\/p><p>Segundo pesquisas, est\u00e1 comprovado que empresas que mant\u00eam um canal de relacionamento direto com seus clientes, conseguem vender cerca de 35% a mais que outras empresas que n\u00e3o est\u00e3o presentes nas redes sociais. Nela voc\u00ea pode explorar e divulgar sua marca, seus produtos e servi\u00e7os, suas novidades, diferenciais e promo\u00e7\u00f5es, convertendo em maiores resultados, vendas e fideliza\u00e7\u00e3o.<\/p><p>No entanto, n\u00e3o basta somente estar nas Redes Sociais, \u00e9 necess\u00e1rio ter um bom gerenciamento para explorar todo seu potencial e possibilidades que essa ferramenta pode oferecer.<\/p><p>Aqui na FlowM\u00eddia, n\u00f3s Gerenciamos suas Redes Sociais com \u00e9tica, organiza\u00e7\u00e3o e profissionalismo que voc\u00ea e sua empresa merecem!<\/p><p><span><a href=\"https:\/\/flowmidia.com.br\/index.php\/contato\/\">Entre em contato...<\/a> N\u00f3s podemos te ajudar!<\/span><\/p>\t\t<\/div>\r\n\t\t\t<\/div>\n\t\t\t\t<\/div>\n\t\t\t\t<\/div>\n\t\t\t\t\t<\/div>\n\t\t\t\t<\/div>\n\t\t\t\t<\/div>\n\t\t","protected":false},"excerpt":{"rendered":"<p>Redes Sociais Tr\u00e1fego Pago Blog SEO \u2013 Otimiza\u00e7\u00e3o de Sites Entre em contato! N\u00f3s Gerenciamos Suas Redes Sociais! Com foco&#8230;<\/p>\n","protected":false},"author":1,"featured_media":0,"parent":8811,"menu_order":0,"comment_status":"closed","ping_status":"closed","template":"","meta":{"footnotes":""},"class_list":["post-8544","page","type-page","status-publish","hentry"],"_links":{"self":[{"href":"https:\/\/flowmidia.com.br\/index.php\/wp-json\/wp\/v2\/pages\/8544","targetHints":{"allow":["GET"]}}],"collection":[{"href":"https:\/\/flowmidia.com.br\/index.php\/wp-json\/wp\/v2\/pages"}],"about":[{"href":"https:\/\/flowmidia.com.br\/index.php\/wp-json\/wp\/v2\/types\/page"}],"author":[{"embeddable":true,"href":"https:\/\/flowmidia.com.br\/index.php\/wp-json\/wp\/v2\/users\/1"}],"replies":[{"embeddable":true,"href":"https:\/\/flowmidia.com.br\/index.php\/wp-json\/wp\/v2\/comments?post=8544"}],"version-history":[{"count":35,"href":"https:\/\/flowmidia.com.br\/index.php\/wp-json\/wp\/v2\/pages\/8544\/revisions"}],"predecessor-version":[{"id":15211,"href":"https:\/\/flowmidia.com.br\/index.php\/wp-json\/wp\/v2\/pages\/8544\/revisions\/15211"}],"up":[{"embeddable":true,"href":"https:\/\/flowmidia.com.br\/index.php\/wp-json\/wp\/v2\/pages\/8811"}],"wp:attachment":[{"href":"https:\/\/flowmidia.com.br\/index.php\/wp-json\/wp\/v2\/media?parent=8544"}],"curies":[{"name":"wp","href":"https:\/\/api.w.org\/{rel}","templated":true}]}}