{"id":8543,"date":"2024-02-22T05:52:25","date_gmt":"2024-02-22T05:52:25","guid":{"rendered":"https:\/\/dev.kodesolution.com\/enfinix\/?page_id=8543"},"modified":"2024-10-22T16:19:09","modified_gmt":"2024-10-22T19:19:09","slug":"trafego-pago","status":"publish","type":"page","link":"https:\/\/flowmidia.com.br\/index.php\/servicos\/trafego-pago\/","title":{"rendered":"Tr\u00e1fego Pago"},"content":{"rendered":"\t\t<div data-elementor-type=\"wp-page\" data-elementor-id=\"8543\" class=\"elementor elementor-8543\">\n\t\t\t\t<div class=\"elementor-element elementor-element-56b7bb8 e-flex e-con-boxed tm-col-stretched-none tm-bg-color-over-image e-con e-parent\" data-id=\"56b7bb8\" data-element_type=\"container\" data-core-v316-plus=\"true\">\n\t\t\t\t\t<div class=\"e-con-inner\">\n\t\t<div class=\"elementor-element elementor-element-9f1236a e-con-full e-flex tm-col-stretched-none tm-bg-color-over-image e-con e-child\" data-id=\"9f1236a\" data-element_type=\"container\">\n\t\t\t\t<div class=\"elementor-element elementor-element-02f1c59 elementor-widget elementor-widget-tm-ele-navigation-menu\" data-id=\"02f1c59\" data-element_type=\"widget\" data-widget_type=\"tm-ele-navigation-menu.default\">\n\t\t\t\t<div class=\"elementor-widget-container\">\n\t\t\t<div class=\"tm-sc-simple-nav-menu\"><ul id=\"menu-service-menu\" class=\"\"><li id=\"menu-item-8589\" class=\"menu-item menu-item-type-post_type menu-item-object-page menu-item-8589\"><a href=\"https:\/\/flowmidia.com.br\/index.php\/servicos\/redes-sociais\/\"><i class=\"tm-nav-arrow-icon fas fa-arrow-right\"><\/i>Redes Sociais<\/a><\/li>\n<li id=\"menu-item-8590\" class=\"menu-item menu-item-type-post_type menu-item-object-page menu-item-8590\"><a href=\"https:\/\/flowmidia.com.br\/index.php\/servicos\/trafego-pago\/\"><i class=\"tm-nav-arrow-icon fas fa-arrow-right\"><\/i>Tr\u00e1fego Pago<\/a><\/li>\n<li id=\"menu-item-8588\" class=\"menu-item menu-item-type-post_type menu-item-object-page menu-item-8588\"><a href=\"https:\/\/flowmidia.com.br\/index.php\/servicos\/blog\/\"><i class=\"tm-nav-arrow-icon fas fa-arrow-right\"><\/i>Blog<\/a><\/li>\n<li id=\"menu-item-8593\" class=\"menu-item menu-item-type-post_type menu-item-object-page menu-item-8593\"><a href=\"https:\/\/flowmidia.com.br\/index.php\/servicos\/seo-otimizacao-de-sites\/\"><i class=\"tm-nav-arrow-icon fas fa-arrow-right\"><\/i>SEO \u2013 Otimiza\u00e7\u00e3o de Sites<\/a><\/li>\n<li id=\"menu-item-15278\" class=\"menu-item menu-item-type-post_type menu-item-object-page menu-item-15278\"><a href=\"https:\/\/flowmidia.com.br\/index.php\/servicos\/consultoria-de-conteudo-de-redes-sociais\/\"><i class=\"tm-nav-arrow-icon fas fa-arrow-right\"><\/i>Consultoria de Conte\u00fado<\/a><\/li>\n<\/ul><\/div>\t\t<\/div>\n\t\t\t\t<\/div>\n\t\t<div class=\"elementor-element elementor-element-7bbc95c e-con-full e-flex tm-col-stretched-none tm-bg-color-over-image e-con e-child\" data-id=\"7bbc95c\" data-element_type=\"container\" data-settings=\"{&quot;background_background&quot;:&quot;classic&quot;}\">\n\t\t<div class=\"elementor-element elementor-element-3e4b428 e-con-full e-flex tm-col-stretched-none tm-bg-color-over-image e-con e-child\" data-id=\"3e4b428\" data-element_type=\"container\">\n\t\t\t\t<div class=\"elementor-element elementor-element-590c763 elementor-widget elementor-widget-tm-ele-iconbox\" data-id=\"590c763\" data-element_type=\"widget\" data-widget_type=\"tm-ele-iconbox.default\">\n\t\t\t\t<div class=\"elementor-widget-container\">\n\t\t\t<div class=\"tm-sc-icon-box icon-box icon-top font-icon icon-top animate-hover icon-rotate-y\">\r\n\t\r\n  \t<div class=\"icon-box-wrapper\">\r\n\t\t\r\n\t\t<div class=\"icon-wrapper\">\r\n\t\t<div class=\"icon icon-circled icon-type-font-icon icon-sm\">\r\n\t\t\t<i aria-hidden=\"true\" class=\" flaticon-common-email-1\"><\/i>\t\t<\/div>\r\n\r\n\t\t\t<\/div>\r\n\t\t\t<div class=\"icon-text\">\r\n\t\t\t\t\t\t\r\n\t\t\t\t\t\t\t\t\t\t\t\r\n\t\t\t\r\n\t\r\n\t\t\t\t\t<\/div>\r\n\t\t<div class=\"clearfix\"><\/div>\r\n\t<\/div>\r\n<\/div>\t\t<\/div>\n\t\t\t\t<\/div>\n\t\t\t\t<div class=\"elementor-element elementor-element-330a64a elementor-widget elementor-widget-heading\" data-id=\"330a64a\" data-element_type=\"widget\" data-widget_type=\"heading.default\">\n\t\t\t\t<div class=\"elementor-widget-container\">\n\t\t\t<style>\/*! elementor - v3.20.0 - 20-03-2024 *\/\n.elementor-heading-title{padding:0;margin:0;line-height:1}.elementor-widget-heading .elementor-heading-title[class*=elementor-size-]>a{color:inherit;font-size:inherit;line-height:inherit}.elementor-widget-heading .elementor-heading-title.elementor-size-small{font-size:15px}.elementor-widget-heading .elementor-heading-title.elementor-size-medium{font-size:19px}.elementor-widget-heading .elementor-heading-title.elementor-size-large{font-size:29px}.elementor-widget-heading .elementor-heading-title.elementor-size-xl{font-size:39px}.elementor-widget-heading .elementor-heading-title.elementor-size-xxl{font-size:59px}<\/style><h3 class=\"elementor-heading-title elementor-size-default\"><a href=\"https:\/\/flowmidia.com.br\/index.php\/contato\/\">Entre em contato!<\/a><\/h3>\t\t<\/div>\n\t\t\t\t<\/div>\n\t\t\t\t<\/div>\n\t\t\t\t<\/div>\n\t\t\t\t<\/div>\n\t\t<div class=\"elementor-element elementor-element-6aa030e e-con-full e-flex tm-col-stretched-none tm-bg-color-over-image e-con e-child\" data-id=\"6aa030e\" data-element_type=\"container\">\n\t\t\t\t<div class=\"elementor-element elementor-element-1a92deb elementor-widget elementor-widget-image\" data-id=\"1a92deb\" data-element_type=\"widget\" data-widget_type=\"image.default\">\n\t\t\t\t<div class=\"elementor-widget-container\">\n\t\t\t<style>\/*! elementor - v3.20.0 - 20-03-2024 *\/\n.elementor-widget-image{text-align:center}.elementor-widget-image a{display:inline-block}.elementor-widget-image a img[src$=\".svg\"]{width:48px}.elementor-widget-image img{vertical-align:middle;display:inline-block}<\/style>\t\t\t\t\t\t\t\t\t\t<img fetchpriority=\"high\" decoding=\"async\" width=\"672\" height=\"448\" src=\"https:\/\/flowmidia.com.br\/wp-content\/uploads\/2024\/10\/imagem-trafegopago-flowmidia-672x448.png\" class=\"attachment-post-thumbnail size-post-thumbnail wp-image-14899\" alt=\"\" \/>\t\t\t\t\t\t\t\t\t\t\t\t\t<\/div>\n\t\t\t\t<\/div>\n\t\t\t\t<div class=\"elementor-element elementor-element-4eacc87 elementor-widget elementor-widget-tm-ele-text-editor\" data-id=\"4eacc87\" data-element_type=\"widget\" data-widget_type=\"tm-ele-text-editor.default\">\n\t\t\t\t<div class=\"elementor-widget-container\">\n\t\t\t\t\t<div class=\"tm-text-editor\">\r\n\t\t<h3 class=\"mt-4\">Tr\u00e1fego Pago<\/h3>\t\t<\/div>\r\n\t\t\t<\/div>\n\t\t\t\t<\/div>\n\t\t\t\t<div class=\"elementor-element elementor-element-58aa681 elementor-widget elementor-widget-tm-ele-text-editor\" data-id=\"58aa681\" data-element_type=\"widget\" data-widget_type=\"tm-ele-text-editor.default\">\n\t\t\t\t<div class=\"elementor-widget-container\">\n\t\t\t\t\t<div class=\"tm-text-editor\">\r\n\t\t<p>O Tr\u00e1fego Pago \u00e9 uma estrat\u00e9gia do Marketing Digital que permite gerar mais visitas em sites, perfis de redes sociais e at\u00e9 mesmo em aplicativos. Essa estrat\u00e9gia utiliza-se de an\u00fancios patrocinados, que podem ser postagens ou resultados de buscas. N\u00f3s da FlowM\u00eddia desenvolvemos o planejamento, cria\u00e7\u00e3o e otimiza\u00e7\u00e3o de campanhas de M\u00eddia Paga. Distribu\u00edmos a verba entre os canais de M\u00eddia Digitais espec\u00edficos para o seu neg\u00f3cio. Analisamos e acompanhamos as campanhas, gerenciando a verba das contas de an\u00fancios e procurando oportunidades de melhoria para o seu neg\u00f3cio, produto ou servi\u00e7o.\u00a0<\/p><p>Veja onde anunciar:<\/p><p><strong>Google Ads<\/strong><\/p><p>O Google ADS \u00e9 a plataforma de publicidade on-line do Google. Quando a criamos e configuramos uma campanha nessa ferramenta, a sua marca aparece no topo da p\u00e1gina de resultados da plataforma de busca para as pesquisas de usu\u00e1rios que usam as palavras-chave do interesse do seu neg\u00f3cio.<\/p><p>Al\u00e9m de ser a maior ferramenta de links patrocinados da internet, a cobran\u00e7a pelos an\u00fancios \u00e9 feita de acordo com os cliques (CPC) e (CPM) e permite criar an\u00fancios de pesquisas, display, dentre outros.<\/p><p>Aqui na FlowM\u00eddia criamos sua campanha do zero, toda personalizada para sua empresa e seu p\u00fablico-alvo. Fazemos a cria\u00e7\u00e3o, customiza\u00e7\u00e3o e o acompanhamento das campanhas utilizando todas as t\u00e9cnicas necess\u00e1rias visando uma campanha bem qualificada com an\u00fancios na primeira p\u00e1gina. Desenvolvemos an\u00fancios e grupos de an\u00fancios conforme a quantidade de produtos que ser\u00e3o anunciados. Realizamos uma pesquisa minuciosa e o levantamento em todas as possibilidades de palavras-chave, palavras negativas, n\u00fameros de acessos, configura\u00e7\u00e3o para celular, tablet, localidade, hor\u00e1rios, dias da semana, extens\u00f5es de an\u00fancios, leil\u00e3o CPC (custo por clique), tudo com o intuito de evitar o desperd\u00edcio em palavras erradas obtendo um resultado mais assertivo conforme o p\u00fablico-alvo de cada cliente.<\/p><p><strong>Instagram e Facebook Ads<\/strong><\/p><p>Nestes canais, criamos, desenvolvemos e promovemos sua P\u00e1gina, atrav\u00e9s de an\u00fancios atrativos, com o objetivo de incentivar as pessoas a curtirem sua P\u00e1gina e compartilharem suas publica\u00e7\u00f5es, proporcionando maior popularidade de sua marca, nome, produtos e servi\u00e7os, gerando grandes possibilidades de neg\u00f3cios e fideliza\u00e7\u00e3o de clientes. Nas configura\u00e7\u00f5es das Campanhas no Instagram e Facebook Ads, podemos direcionar o p\u00fablico, com base na localiza\u00e7\u00e3o, idade, g\u00eanero, dados demogr\u00e1ficos e canais de interesses, alcan\u00e7ando assim, \u00e0s pessoas certas! Desta forma, \u00e9 poss\u00edvel segmentar seus an\u00fancios para exibi-los apenas para o p\u00fablico que deseja atingir. E ainda podemos acompanhar os resultados atrav\u00e9s dos relat\u00f3rios dispon\u00edveis.<\/p><p>Para anunciar no Instagram e Facebook Ads, pode-se tamb\u00e9m optar entre um or\u00e7amento di\u00e1rio ou vital\u00edcio, assim como lances de custo por milhares de impress\u00f5es (CPM) ou de custo por cliques (CPC). Voc\u00ea pagar\u00e1 somente pelos cliques ou impress\u00f5es recebidas conforme configura\u00e7\u00e3o da campanha at\u00e9 o limite previamente estabelecido para o seu or\u00e7amento, mais a taxa de administra\u00e7\u00e3o referente ao nosso gerenciamento da campanha.<\/p><p>Se interessou em anunciar?<\/p><p><a href=\"https:\/\/flowmidia.com.br\/index.php\/contato\/\">Entre em contato<\/a>... N\u00f3s podemos te ajudar!<\/p>\t\t<\/div>\r\n\t\t\t<\/div>\n\t\t\t\t<\/div>\n\t\t\t\t<\/div>\n\t\t\t\t\t<\/div>\n\t\t\t\t<\/div>\n\t\t\t\t<\/div>\n\t\t","protected":false},"excerpt":{"rendered":"<p>Redes Sociais Tr\u00e1fego Pago Blog SEO \u2013 Otimiza\u00e7\u00e3o de Sites Entre em contato! Tr\u00e1fego Pago O Tr\u00e1fego Pago \u00e9 uma&#8230;<\/p>\n","protected":false},"author":1,"featured_media":0,"parent":8811,"menu_order":0,"comment_status":"closed","ping_status":"closed","template":"","meta":{"footnotes":""},"class_list":["post-8543","page","type-page","status-publish","hentry"],"_links":{"self":[{"href":"https:\/\/flowmidia.com.br\/index.php\/wp-json\/wp\/v2\/pages\/8543","targetHints":{"allow":["GET"]}}],"collection":[{"href":"https:\/\/flowmidia.com.br\/index.php\/wp-json\/wp\/v2\/pages"}],"about":[{"href":"https:\/\/flowmidia.com.br\/index.php\/wp-json\/wp\/v2\/types\/page"}],"author":[{"embeddable":true,"href":"https:\/\/flowmidia.com.br\/index.php\/wp-json\/wp\/v2\/users\/1"}],"replies":[{"embeddable":true,"href":"https:\/\/flowmidia.com.br\/index.php\/wp-json\/wp\/v2\/comments?post=8543"}],"version-history":[{"count":38,"href":"https:\/\/flowmidia.com.br\/index.php\/wp-json\/wp\/v2\/pages\/8543\/revisions"}],"predecessor-version":[{"id":15208,"href":"https:\/\/flowmidia.com.br\/index.php\/wp-json\/wp\/v2\/pages\/8543\/revisions\/15208"}],"up":[{"embeddable":true,"href":"https:\/\/flowmidia.com.br\/index.php\/wp-json\/wp\/v2\/pages\/8811"}],"wp:attachment":[{"href":"https:\/\/flowmidia.com.br\/index.php\/wp-json\/wp\/v2\/media?parent=8543"}],"curies":[{"name":"wp","href":"https:\/\/api.w.org\/{rel}","templated":true}]}}