{"id":8540,"date":"2024-02-22T05:49:06","date_gmt":"2024-02-22T05:49:06","guid":{"rendered":"https:\/\/dev.kodesolution.com\/enfinix\/?page_id=8540"},"modified":"2025-04-10T16:51:12","modified_gmt":"2025-04-10T19:51:12","slug":"seo-otimizacao-de-sites","status":"publish","type":"page","link":"https:\/\/flowmidia.com.br\/index.php\/servicos\/seo-otimizacao-de-sites\/","title":{"rendered":"SEO &#8211; Otimiza\u00e7\u00e3o de Sites"},"content":{"rendered":"\t\t<div data-elementor-type=\"wp-page\" data-elementor-id=\"8540\" class=\"elementor elementor-8540\">\n\t\t\t\t<div class=\"elementor-element elementor-element-35535ee e-flex e-con-boxed tm-col-stretched-none tm-bg-color-over-image e-con e-parent\" data-id=\"35535ee\" data-element_type=\"container\" data-core-v316-plus=\"true\">\n\t\t\t\t\t<div class=\"e-con-inner\">\n\t\t<div class=\"elementor-element elementor-element-d19ed22 e-con-full e-flex tm-col-stretched-none tm-bg-color-over-image e-con e-child\" data-id=\"d19ed22\" data-element_type=\"container\">\n\t\t\t\t<div class=\"elementor-element elementor-element-240bc38 elementor-widget elementor-widget-tm-ele-navigation-menu\" data-id=\"240bc38\" data-element_type=\"widget\" data-widget_type=\"tm-ele-navigation-menu.default\">\n\t\t\t\t<div class=\"elementor-widget-container\">\n\t\t\t<div class=\"tm-sc-simple-nav-menu\"><ul id=\"menu-service-menu\" class=\"\"><li id=\"menu-item-8589\" class=\"menu-item menu-item-type-post_type menu-item-object-page menu-item-8589\"><a href=\"https:\/\/flowmidia.com.br\/index.php\/servicos\/redes-sociais\/\"><i class=\"tm-nav-arrow-icon fas fa-arrow-right\"><\/i>Redes Sociais<\/a><\/li>\n<li id=\"menu-item-8590\" class=\"menu-item menu-item-type-post_type menu-item-object-page menu-item-8590\"><a href=\"https:\/\/flowmidia.com.br\/index.php\/servicos\/trafego-pago\/\"><i class=\"tm-nav-arrow-icon fas fa-arrow-right\"><\/i>Tr\u00e1fego Pago<\/a><\/li>\n<li id=\"menu-item-8588\" class=\"menu-item menu-item-type-post_type menu-item-object-page menu-item-8588\"><a href=\"https:\/\/flowmidia.com.br\/index.php\/servicos\/blog\/\"><i class=\"tm-nav-arrow-icon fas fa-arrow-right\"><\/i>Blog<\/a><\/li>\n<li id=\"menu-item-8593\" class=\"menu-item menu-item-type-post_type menu-item-object-page menu-item-8593\"><a href=\"https:\/\/flowmidia.com.br\/index.php\/servicos\/seo-otimizacao-de-sites\/\"><i class=\"tm-nav-arrow-icon fas fa-arrow-right\"><\/i>SEO \u2013 Otimiza\u00e7\u00e3o de Sites<\/a><\/li>\n<li id=\"menu-item-15278\" class=\"menu-item menu-item-type-post_type menu-item-object-page menu-item-15278\"><a href=\"https:\/\/flowmidia.com.br\/index.php\/servicos\/consultoria-de-conteudo-de-redes-sociais\/\"><i class=\"tm-nav-arrow-icon fas fa-arrow-right\"><\/i>Consultoria de Conte\u00fado<\/a><\/li>\n<\/ul><\/div>\t\t<\/div>\n\t\t\t\t<\/div>\n\t\t<div class=\"elementor-element elementor-element-d0f5484 e-con-full e-flex tm-col-stretched-none tm-bg-color-over-image e-con e-child\" data-id=\"d0f5484\" data-element_type=\"container\" data-settings=\"{&quot;background_background&quot;:&quot;classic&quot;}\">\n\t\t<div class=\"elementor-element elementor-element-ac48a6b e-con-full e-flex tm-col-stretched-none tm-bg-color-over-image e-con e-child\" data-id=\"ac48a6b\" data-element_type=\"container\">\n\t\t\t\t<div class=\"elementor-element elementor-element-943653d elementor-widget elementor-widget-tm-ele-iconbox\" data-id=\"943653d\" data-element_type=\"widget\" data-widget_type=\"tm-ele-iconbox.default\">\n\t\t\t\t<div class=\"elementor-widget-container\">\n\t\t\t<div class=\"tm-sc-icon-box icon-box icon-top font-icon icon-top animate-hover icon-rotate-y\">\r\n\t\r\n  \t<div class=\"icon-box-wrapper\">\r\n\t\t\r\n\t\t<div class=\"icon-wrapper\">\r\n\t\t<div class=\"icon icon-circled icon-type-font-icon icon-sm\">\r\n\t\t\t<i aria-hidden=\"true\" class=\" flaticon-common-email-1\"><\/i>\t\t<\/div>\r\n\r\n\t\t\t<\/div>\r\n\t\t\t<div class=\"icon-text\">\r\n\t\t\t\t\t\t\r\n\t\t\t\t\t\t\t\t\t\t\t\r\n\t\t\t\r\n\t\r\n\t\t\t\t\t<\/div>\r\n\t\t<div class=\"clearfix\"><\/div>\r\n\t<\/div>\r\n<\/div>\t\t<\/div>\n\t\t\t\t<\/div>\n\t\t\t\t<div class=\"elementor-element elementor-element-cf2ca9e elementor-widget elementor-widget-heading\" data-id=\"cf2ca9e\" data-element_type=\"widget\" data-widget_type=\"heading.default\">\n\t\t\t\t<div class=\"elementor-widget-container\">\n\t\t\t<style>\/*! elementor - v3.20.0 - 20-03-2024 *\/\n.elementor-heading-title{padding:0;margin:0;line-height:1}.elementor-widget-heading .elementor-heading-title[class*=elementor-size-]>a{color:inherit;font-size:inherit;line-height:inherit}.elementor-widget-heading .elementor-heading-title.elementor-size-small{font-size:15px}.elementor-widget-heading .elementor-heading-title.elementor-size-medium{font-size:19px}.elementor-widget-heading .elementor-heading-title.elementor-size-large{font-size:29px}.elementor-widget-heading .elementor-heading-title.elementor-size-xl{font-size:39px}.elementor-widget-heading .elementor-heading-title.elementor-size-xxl{font-size:59px}<\/style><h3 class=\"elementor-heading-title elementor-size-default\"><a href=\"https:\/\/flowmidia.com.br\/index.php\/contato\/\">Entre em contato!<\/a><\/h3>\t\t<\/div>\n\t\t\t\t<\/div>\n\t\t\t\t<\/div>\n\t\t\t\t<\/div>\n\t\t\t\t<\/div>\n\t\t<div class=\"elementor-element elementor-element-09f5d60 e-con-full e-flex tm-col-stretched-none tm-bg-color-over-image e-con e-child\" data-id=\"09f5d60\" data-element_type=\"container\">\n\t\t\t\t<div class=\"elementor-element elementor-element-b8f82ae elementor-widget elementor-widget-image\" data-id=\"b8f82ae\" data-element_type=\"widget\" data-widget_type=\"image.default\">\n\t\t\t\t<div class=\"elementor-widget-container\">\n\t\t\t<style>\/*! elementor - v3.20.0 - 20-03-2024 *\/\n.elementor-widget-image{text-align:center}.elementor-widget-image a{display:inline-block}.elementor-widget-image a img[src$=\".svg\"]{width:48px}.elementor-widget-image img{vertical-align:middle;display:inline-block}<\/style>\t\t\t\t\t\t\t\t\t\t<img fetchpriority=\"high\" decoding=\"async\" width=\"672\" height=\"448\" src=\"https:\/\/flowmidia.com.br\/wp-content\/uploads\/2024\/10\/imagem-otimizacao-de-site-flowmidia-672x448.jpg\" class=\"attachment-post-thumbnail size-post-thumbnail wp-image-14916\" alt=\"\" srcset=\"https:\/\/flowmidia.com.br\/wp-content\/uploads\/2024\/10\/imagem-otimizacao-de-site-flowmidia-672x448.jpg 672w, https:\/\/flowmidia.com.br\/wp-content\/uploads\/2024\/10\/imagem-otimizacao-de-site-flowmidia-300x200.jpg 300w, https:\/\/flowmidia.com.br\/wp-content\/uploads\/2024\/10\/imagem-otimizacao-de-site-flowmidia-1024x683.jpg 1024w, https:\/\/flowmidia.com.br\/wp-content\/uploads\/2024\/10\/imagem-otimizacao-de-site-flowmidia-768x512.jpg 768w, https:\/\/flowmidia.com.br\/wp-content\/uploads\/2024\/10\/imagem-otimizacao-de-site-flowmidia.jpg 1500w\" sizes=\"(max-width: 672px) 100vw, 672px\" \/>\t\t\t\t\t\t\t\t\t\t\t\t\t<\/div>\n\t\t\t\t<\/div>\n\t\t\t\t<div class=\"elementor-element elementor-element-fff2d09 elementor-widget elementor-widget-tm-ele-text-editor\" data-id=\"fff2d09\" data-element_type=\"widget\" data-widget_type=\"tm-ele-text-editor.default\">\n\t\t\t\t<div class=\"elementor-widget-container\">\n\t\t\t\t\t<div class=\"tm-text-editor\">\r\n\t\t<h3 class=\"mt-4\">SEO - Otimiza\u00e7\u00e3o de Sites<\/h3>\t\t<\/div>\r\n\t\t\t<\/div>\n\t\t\t\t<\/div>\n\t\t\t\t<div class=\"elementor-element elementor-element-ff1fff7 elementor-widget elementor-widget-tm-ele-text-editor\" data-id=\"ff1fff7\" data-element_type=\"widget\" data-widget_type=\"tm-ele-text-editor.default\">\n\t\t\t\t<div class=\"elementor-widget-container\">\n\t\t\t\t\t<div class=\"tm-text-editor\">\r\n\t\t<p>A sigla SEO - Search Engine Optimization, traduzindo para o portugu\u00eas significa, \u201cOtimiza\u00e7\u00e3o Para Mecanismos de Busca\u201d. Trata-se de um conjunto de t\u00e9cnicas, geralmente divididas entre tecnologia, conte\u00fado e autoridade, que tem como objetivo posicionar uma ou mais p\u00e1ginas de destino entre os melhores resultados dos mecanismos de busca.<\/p><p>Basicamente, consiste em otimizar um site para que ele apare\u00e7a nos primeiros resultados das p\u00e1ginas de pesquisas, de busca do Google, por exemplo, gerando Tr\u00e1fego Org\u00e2nico.<\/p><p>Aqui na FlowM\u00eddia desenvolvemos esse trabalho e posicionamos sua marca de forma qualificada entre os melhores resultados dos mecanismos de busca.<\/p><p>E ent\u00e3o, quer aparecer na primeira p\u00e1gina do Google?<\/p><p><a href=\"https:\/\/flowmidia.com.br\/index.php\/contato\/\">Entre em contato...<\/a> N\u00f3s podemos te ajudar!<\/p>\t\t<\/div>\r\n\t\t\t<\/div>\n\t\t\t\t<\/div>\n\t\t\t\t<\/div>\n\t\t\t\t\t<\/div>\n\t\t\t\t<\/div>\n\t\t\t\t<\/div>\n\t\t","protected":false},"excerpt":{"rendered":"<p>Redes Sociais Tr\u00e1fego Pago Blog SEO \u2013 Otimiza\u00e7\u00e3o de Sites Entre em contato! SEO &#8211; Otimiza\u00e7\u00e3o de Sites A sigla&#8230;<\/p>\n","protected":false},"author":1,"featured_media":0,"parent":8811,"menu_order":0,"comment_status":"closed","ping_status":"closed","template":"","meta":{"footnotes":""},"class_list":["post-8540","page","type-page","status-publish","hentry"],"_links":{"self":[{"href":"https:\/\/flowmidia.com.br\/index.php\/wp-json\/wp\/v2\/pages\/8540","targetHints":{"allow":["GET"]}}],"collection":[{"href":"https:\/\/flowmidia.com.br\/index.php\/wp-json\/wp\/v2\/pages"}],"about":[{"href":"https:\/\/flowmidia.com.br\/index.php\/wp-json\/wp\/v2\/types\/page"}],"author":[{"embeddable":true,"href":"https:\/\/flowmidia.com.br\/index.php\/wp-json\/wp\/v2\/users\/1"}],"replies":[{"embeddable":true,"href":"https:\/\/flowmidia.com.br\/index.php\/wp-json\/wp\/v2\/comments?post=8540"}],"version-history":[{"count":35,"href":"https:\/\/flowmidia.com.br\/index.php\/wp-json\/wp\/v2\/pages\/8540\/revisions"}],"predecessor-version":[{"id":15214,"href":"https:\/\/flowmidia.com.br\/index.php\/wp-json\/wp\/v2\/pages\/8540\/revisions\/15214"}],"up":[{"embeddable":true,"href":"https:\/\/flowmidia.com.br\/index.php\/wp-json\/wp\/v2\/pages\/8811"}],"wp:attachment":[{"href":"https:\/\/flowmidia.com.br\/index.php\/wp-json\/wp\/v2\/media?parent=8540"}],"curies":[{"name":"wp","href":"https:\/\/api.w.org\/{rel}","templated":true}]}}