{"id":8535,"date":"2024-02-22T05:46:38","date_gmt":"2024-02-22T05:46:38","guid":{"rendered":"https:\/\/dev.kodesolution.com\/enfinix\/?page_id=8535"},"modified":"2025-04-24T17:24:54","modified_gmt":"2025-04-24T20:24:54","slug":"sobre-nos","status":"publish","type":"page","link":"https:\/\/flowmidia.com.br\/index.php\/sobre-nos\/","title":{"rendered":"Sobre N\u00f3s"},"content":{"rendered":"\t\t<div data-elementor-type=\"wp-page\" data-elementor-id=\"8535\" class=\"elementor elementor-8535\">\n\t\t\t\t<div class=\"elementor-element elementor-element-dca1d63 e-flex e-con-boxed tm-col-stretched-none tm-bg-color-over-image e-con e-parent\" data-id=\"dca1d63\" data-element_type=\"container\" data-core-v316-plus=\"true\">\n\t\t\t\t\t<div class=\"e-con-inner\">\n\t\t<div class=\"elementor-element elementor-element-bd29bab e-flex e-con-boxed tm-col-stretched-none tm-bg-color-over-image e-con e-child\" data-id=\"bd29bab\" data-element_type=\"container\">\n\t\t\t\t\t<div class=\"e-con-inner\">\n\t\t<div class=\"elementor-element elementor-element-508e0c6 e-con-full e-flex tm-col-stretched-none tm-bg-color-over-image e-con e-child\" data-id=\"508e0c6\" data-element_type=\"container\">\n\t\t\t\t<div class=\"elementor-element elementor-element-00bf85f elementor-widget__width-initial elementor-absolute elementor-hidden-mobile elementor-widget-tablet__width-initial elementor-widget elementor-widget-tm-ele-funfact-counter\" data-id=\"00bf85f\" data-element_type=\"widget\" data-settings=\"{&quot;_position&quot;:&quot;absolute&quot;}\" data-widget_type=\"tm-ele-funfact-counter.default\">\n\t\t\t\t<div class=\"elementor-widget-container\">\n\t\t\t\t<div class=\"tm-sc-funfact funfact-iconleft \">\r\n\t\t<div class=\"funfact-inner\">\r\n\t\t\t<div class=\"element-left\">\r\n\t\t\t\t\t\t\t\t<div class=\"funfact-icon\">\r\n<i aria-hidden=\"true\" class=\" flaticon-agency-search-engine\"><\/i><\/div>\t\t\t\t\t\t\t<\/div>\r\n\r\n\t\t\t\r\n\t\t\t<div class=\"details\">\r\n\t\t\t\t\t\t\t\t\t\t\t\t\t\t<h2 class=\"counter \">\r\n\t<span class=\"counter-prefix\">+<\/span><span class=\"animate-number\" data-value=\"15\" data-animation-duration=\"1500\">0<\/span><\/h2>\r\n\t\t\t\t\t\t\t\t\t\t\r\n\t\t\t\t\t\t\t\t\t\t<div class=\"title-wrapper\">\r\n\r\n<h5 class=\"title \">Anos de experi\u00eancia<\/h5>\r\n<\/div>\t\t\t\t\t\t\t\t\t\t\t\t\t\r\n\t\t\t\t\t\t\t<\/div>\r\n\t\t<\/div>\r\n\t<\/div>\t\t<\/div>\n\t\t\t\t<\/div>\n\t\t\t\t<div class=\"elementor-element elementor-element-addffa8 elementor-widget elementor-widget-tm-ele-animated-layers\" data-id=\"addffa8\" data-element_type=\"widget\" data-widget_type=\"tm-ele-animated-layers.default\">\n\t\t\t\t<div class=\"elementor-widget-container\">\n\t\t\t\t\t<div class=\"tm-sc-animated-layer-advanced \">\r\n\t\t\t<div class=\"animated-layer-advanced-inner clearfix\">\r\n\t\r\n<div class=\"layer-image-wrapper layer-image  layer-image-fullwidth elementor-repeater-item-4da82f5\" style=\"\">\r\n\t<div class=\"layer-inner layer-image  \">\r\n\t\t<div class=\"layer-image-inner-wrapper image-hover-effect-shine\">\r\n\t\t\t\t\t<img fetchpriority=\"high\" decoding=\"async\" class=\"\" src=\"https:\/\/flowmidia.com.br\/wp-content\/uploads\/2024\/10\/imagem-home-flowmidia_2.avif\" width=\"626\" height=\"626\" alt=\"\">\r\n\t\t<\/div>\r\n\t<\/div>\r\n<\/div>\r\n\r\n<div class=\"layer-image-wrapper layer-image  elementor-repeater-item-ccd81c0\" style=\"\">\r\n\t<div class=\"layer-inner layer-image  tm-animation-floating\">\r\n\t\t<div class=\"layer-image-inner-wrapper image-hover-effect-shine\">\r\n\t\t\t\t\t<img decoding=\"async\" class=\"\" src=\"https:\/\/flowmidia.com.br\/wp-content\/uploads\/2024\/07\/image-3-1-1.png\" width=\"119\" height=\"246\" alt=\"\">\r\n\t\t<\/div>\r\n\t<\/div>\r\n<\/div>\r\n\t\t\t<\/div>\r\n\t\t\t<div class=\"clearfix\"><\/div>\r\n\t\t<\/div>\r\n\t\t\t<\/div>\n\t\t\t\t<\/div>\n\t\t\t\t<\/div>\n\t\t<div class=\"elementor-element elementor-element-f1f01cb e-con-full tm-col-stretched-none e-flex tm-bg-color-over-image e-con e-child\" data-id=\"f1f01cb\" data-element_type=\"container\">\n\t\t\t\t<div class=\"elementor-element elementor-element-8c24ecf elementor-widget-tablet__width-initial horizontal-line-align-left vertical-line-align-bottom elementor-widget elementor-widget-tm-ele-section-title\" data-id=\"8c24ecf\" data-element_type=\"widget\" data-widget_type=\"tm-ele-section-title.default\">\n\t\t\t\t<div class=\"elementor-widget-container\">\n\t\t\t<div class=\"tm-sc-section-title section-title \">\r\n\t<div class=\"title-wrapper\">\r\n\t\t\t\t\r\n\r\n<div class=\"sub-title-outer\">\r\n\t<\/div>\t\t\t<h2 class=\"title tm-split-text split-in-right\">\r\n\r\n\t\t\r\n\t\t\t\t<span class=\"title-part1 \">Sobre N\u00f3s<\/span>\r\n\t\t\t\t\r\n\t\t\r\n\t<\/h2>\r\n\t<div class=\"title-seperator-line\"><\/div>\t\t\t\t\t\t<\/div>\r\n<\/div>\t\t<\/div>\n\t\t\t\t<\/div>\n\t\t\t\t<div class=\"elementor-element elementor-element-8cfc89e elementor-widget-tablet__width-initial elementor-widget elementor-widget-tm-ele-text-editor\" data-id=\"8cfc89e\" data-element_type=\"widget\" data-widget_type=\"tm-ele-text-editor.default\">\n\t\t\t\t<div class=\"elementor-widget-container\">\n\t\t\t\t\t<div class=\"tm-text-editor\">\r\n\t\t<p>Ap\u00f3s muitos anos de experi\u00eancia trabalhando, como Analistas e Prestadores de Servi\u00e7os Digitais, percebemos a grande dificuldade dos empreendedores em divulgarem seus trabalhos, produtos ou servi\u00e7os no mundo on-line, principalmente para os pequenos empreendedores, e o quanto os mesmos necessitam de um trabalho focado e personalizado, com diferencial que sua marca merece.<\/p><p>Desta forma, decidimos unir nossos conhecimentos, \u00e9tica e profissionalismo e criamos a Flow M\u00eddia, uma Consultoria Digital Personalizada para o seu neg\u00f3cio, que vem para oferecer a quem precisa um atendimento diferenciado, com objetivo de proporcionar resultados positivos e eficazes.<\/p><p>O nome Flow M\u00eddia refere-se como um estado mental que acontece quando uma pessoa realiza uma atividade e se sente totalmente absorvida em uma sensa\u00e7\u00e3o de energia, prazer e foco total no que est\u00e1 fazendo.<\/p><p>O termo Flow veio do ingl\u00eas e significa Fluir, ou seja, quando atingimos esse estado emocional conseguimos permanecer num fluxo constante. Quando isso acontece, sentimos seus efeitos positivos, como maior foco e concentra\u00e7\u00e3o, aumento da produtividade e bem-estar.<\/p><p>Entretanto, assim \u00e9 voltado o nosso trabalho dentro da Flow M\u00eddia, com foco, concentra\u00e7\u00e3o, produtividade, resultados positivos e muita responsabilidade.<\/p><p>Nossa proposta \u00e9 trabalhar com metodologias espec\u00edficas para que voc\u00ea e sua empresa tenham resultados reais, bem estruturados e consistentes para crescer ainda mais.<\/p>\t\t<\/div>\r\n\t\t\t<\/div>\n\t\t\t\t<\/div>\n\t\t<div class=\"elementor-element elementor-element-628f741 e-con-full e-flex tm-col-stretched-none tm-bg-color-over-image e-con e-child\" data-id=\"628f741\" data-element_type=\"container\">\n\t\t<div class=\"elementor-element elementor-element-7eb0c3f e-con-full e-flex tm-col-stretched-none tm-bg-color-over-image e-con e-child\" data-id=\"7eb0c3f\" data-element_type=\"container\">\n\t\t\t\t<\/div>\n\t\t<div class=\"elementor-element elementor-element-b9b8541 e-con-full e-flex tm-col-stretched-none tm-bg-color-over-image e-con e-child\" data-id=\"b9b8541\" data-element_type=\"container\">\n\t\t\t\t<\/div>\n\t\t\t\t<\/div>\n\t\t\t\t<\/div>\n\t\t\t\t\t<\/div>\n\t\t\t\t<\/div>\n\t\t\t\t\t<\/div>\n\t\t\t\t<\/div>\n\t\t\t\t<\/div>\n\t\t","protected":false},"excerpt":{"rendered":"<p>+0 Anos de experi\u00eancia Sobre N\u00f3s Ap\u00f3s muitos anos de experi\u00eancia trabalhando, como Analistas e Prestadores de Servi\u00e7os Digitais, percebemos&#8230;<\/p>\n","protected":false},"author":1,"featured_media":0,"parent":0,"menu_order":0,"comment_status":"closed","ping_status":"closed","template":"","meta":{"footnotes":""},"class_list":["post-8535","page","type-page","status-publish","hentry"],"_links":{"self":[{"href":"https:\/\/flowmidia.com.br\/index.php\/wp-json\/wp\/v2\/pages\/8535","targetHints":{"allow":["GET"]}}],"collection":[{"href":"https:\/\/flowmidia.com.br\/index.php\/wp-json\/wp\/v2\/pages"}],"about":[{"href":"https:\/\/flowmidia.com.br\/index.php\/wp-json\/wp\/v2\/types\/page"}],"author":[{"embeddable":true,"href":"https:\/\/flowmidia.com.br\/index.php\/wp-json\/wp\/v2\/users\/1"}],"replies":[{"embeddable":true,"href":"https:\/\/flowmidia.com.br\/index.php\/wp-json\/wp\/v2\/comments?post=8535"}],"version-history":[{"count":17,"href":"https:\/\/flowmidia.com.br\/index.php\/wp-json\/wp\/v2\/pages\/8535\/revisions"}],"predecessor-version":[{"id":15556,"href":"https:\/\/flowmidia.com.br\/index.php\/wp-json\/wp\/v2\/pages\/8535\/revisions\/15556"}],"wp:attachment":[{"href":"https:\/\/flowmidia.com.br\/index.php\/wp-json\/wp\/v2\/media?parent=8535"}],"curies":[{"name":"wp","href":"https:\/\/api.w.org\/{rel}","templated":true}]}}