{"id":15250,"date":"2024-11-04T16:28:13","date_gmt":"2024-11-04T19:28:13","guid":{"rendered":"https:\/\/flowmidia.com.br\/?page_id=15250"},"modified":"2024-11-05T16:02:20","modified_gmt":"2024-11-05T19:02:20","slug":"consultoria-de-conteudo-de-redes-sociais","status":"publish","type":"page","link":"https:\/\/flowmidia.com.br\/index.php\/servicos\/consultoria-de-conteudo-de-redes-sociais\/","title":{"rendered":"Consultoria de Conte\u00fado de Redes Sociais"},"content":{"rendered":"\t\t<div data-elementor-type=\"wp-page\" data-elementor-id=\"15250\" class=\"elementor elementor-15250\">\n\t\t\t\t<div class=\"elementor-element elementor-element-56b7bb8 e-flex e-con-boxed tm-col-stretched-none tm-bg-color-over-image e-con e-parent\" data-id=\"56b7bb8\" data-element_type=\"container\" data-core-v316-plus=\"true\">\n\t\t\t\t\t<div class=\"e-con-inner\">\n\t\t<div class=\"elementor-element elementor-element-9f1236a e-con-full e-flex tm-col-stretched-none tm-bg-color-over-image e-con e-child\" data-id=\"9f1236a\" data-element_type=\"container\">\n\t\t\t\t<div class=\"elementor-element elementor-element-02f1c59 elementor-widget elementor-widget-tm-ele-navigation-menu\" data-id=\"02f1c59\" data-element_type=\"widget\" data-widget_type=\"tm-ele-navigation-menu.default\">\n\t\t\t\t<div class=\"elementor-widget-container\">\n\t\t\t<div class=\"tm-sc-simple-nav-menu\"><ul id=\"menu-service-menu\" class=\"\"><li id=\"menu-item-8589\" class=\"menu-item menu-item-type-post_type menu-item-object-page menu-item-8589\"><a href=\"https:\/\/flowmidia.com.br\/index.php\/servicos\/redes-sociais\/\"><i class=\"tm-nav-arrow-icon fas fa-arrow-right\"><\/i>Redes Sociais<\/a><\/li>\n<li id=\"menu-item-8590\" class=\"menu-item menu-item-type-post_type menu-item-object-page menu-item-8590\"><a href=\"https:\/\/flowmidia.com.br\/index.php\/servicos\/trafego-pago\/\"><i class=\"tm-nav-arrow-icon fas fa-arrow-right\"><\/i>Tr\u00e1fego Pago<\/a><\/li>\n<li id=\"menu-item-8588\" class=\"menu-item menu-item-type-post_type menu-item-object-page menu-item-8588\"><a href=\"https:\/\/flowmidia.com.br\/index.php\/servicos\/blog\/\"><i class=\"tm-nav-arrow-icon fas fa-arrow-right\"><\/i>Blog<\/a><\/li>\n<li id=\"menu-item-8593\" class=\"menu-item menu-item-type-post_type menu-item-object-page menu-item-8593\"><a href=\"https:\/\/flowmidia.com.br\/index.php\/servicos\/seo-otimizacao-de-sites\/\"><i class=\"tm-nav-arrow-icon fas fa-arrow-right\"><\/i>SEO \u2013 Otimiza\u00e7\u00e3o de Sites<\/a><\/li>\n<li id=\"menu-item-15278\" class=\"menu-item menu-item-type-post_type menu-item-object-page menu-item-15278\"><a href=\"https:\/\/flowmidia.com.br\/index.php\/servicos\/consultoria-de-conteudo-de-redes-sociais\/\"><i class=\"tm-nav-arrow-icon fas fa-arrow-right\"><\/i>Consultoria de Conte\u00fado<\/a><\/li>\n<\/ul><\/div>\t\t<\/div>\n\t\t\t\t<\/div>\n\t\t<div class=\"elementor-element elementor-element-7bbc95c e-con-full e-flex tm-col-stretched-none tm-bg-color-over-image e-con e-child\" data-id=\"7bbc95c\" data-element_type=\"container\" data-settings=\"{&quot;background_background&quot;:&quot;classic&quot;}\">\n\t\t<div class=\"elementor-element elementor-element-3e4b428 e-con-full e-flex tm-col-stretched-none tm-bg-color-over-image e-con e-child\" data-id=\"3e4b428\" data-element_type=\"container\">\n\t\t\t\t<div class=\"elementor-element elementor-element-590c763 elementor-widget elementor-widget-tm-ele-iconbox\" data-id=\"590c763\" data-element_type=\"widget\" data-widget_type=\"tm-ele-iconbox.default\">\n\t\t\t\t<div class=\"elementor-widget-container\">\n\t\t\t<div class=\"tm-sc-icon-box icon-box icon-top font-icon icon-top animate-hover icon-rotate-y\">\r\n\t\r\n  \t<div class=\"icon-box-wrapper\">\r\n\t\t\r\n\t\t<div class=\"icon-wrapper\">\r\n\t\t<div class=\"icon icon-circled icon-type-font-icon icon-sm\">\r\n\t\t\t<i aria-hidden=\"true\" class=\" flaticon-common-email-1\"><\/i>\t\t<\/div>\r\n\r\n\t\t\t<\/div>\r\n\t\t\t<div class=\"icon-text\">\r\n\t\t\t\t\t\t\r\n\t\t\t\t\t\t\t\t\t\t\t\r\n\t\t\t\r\n\t\r\n\t\t\t\t\t<\/div>\r\n\t\t<div class=\"clearfix\"><\/div>\r\n\t<\/div>\r\n<\/div>\t\t<\/div>\n\t\t\t\t<\/div>\n\t\t\t\t<div class=\"elementor-element elementor-element-330a64a elementor-widget elementor-widget-heading\" data-id=\"330a64a\" data-element_type=\"widget\" data-widget_type=\"heading.default\">\n\t\t\t\t<div class=\"elementor-widget-container\">\n\t\t\t<style>\/*! elementor - v3.20.0 - 20-03-2024 *\/\n.elementor-heading-title{padding:0;margin:0;line-height:1}.elementor-widget-heading .elementor-heading-title[class*=elementor-size-]>a{color:inherit;font-size:inherit;line-height:inherit}.elementor-widget-heading .elementor-heading-title.elementor-size-small{font-size:15px}.elementor-widget-heading .elementor-heading-title.elementor-size-medium{font-size:19px}.elementor-widget-heading .elementor-heading-title.elementor-size-large{font-size:29px}.elementor-widget-heading .elementor-heading-title.elementor-size-xl{font-size:39px}.elementor-widget-heading .elementor-heading-title.elementor-size-xxl{font-size:59px}<\/style><h3 class=\"elementor-heading-title elementor-size-default\"><a href=\"https:\/\/flowmidia.com.br\/index.php\/contato\/\">Entre em contato!<\/a><\/h3>\t\t<\/div>\n\t\t\t\t<\/div>\n\t\t\t\t<\/div>\n\t\t\t\t<\/div>\n\t\t\t\t<\/div>\n\t\t<div class=\"elementor-element elementor-element-6aa030e e-con-full e-flex tm-col-stretched-none tm-bg-color-over-image e-con e-child\" data-id=\"6aa030e\" data-element_type=\"container\">\n\t\t\t\t<div class=\"elementor-element elementor-element-1a92deb elementor-widget elementor-widget-image\" data-id=\"1a92deb\" data-element_type=\"widget\" data-widget_type=\"image.default\">\n\t\t\t\t<div class=\"elementor-widget-container\">\n\t\t\t<style>\/*! elementor - v3.20.0 - 20-03-2024 *\/\n.elementor-widget-image{text-align:center}.elementor-widget-image a{display:inline-block}.elementor-widget-image a img[src$=\".svg\"]{width:48px}.elementor-widget-image img{vertical-align:middle;display:inline-block}<\/style>\t\t\t\t\t\t\t\t\t\t<img fetchpriority=\"high\" decoding=\"async\" width=\"626\" height=\"417\" src=\"https:\/\/flowmidia.com.br\/wp-content\/uploads\/2024\/11\/imagem-home-consultoria-de-midias-sociais.avif\" class=\"attachment-post-thumbnail size-post-thumbnail wp-image-15246\" alt=\"\" srcset=\"https:\/\/flowmidia.com.br\/wp-content\/uploads\/2024\/11\/imagem-home-consultoria-de-midias-sociais.avif 626w, https:\/\/flowmidia.com.br\/wp-content\/uploads\/2024\/11\/imagem-home-consultoria-de-midias-sociais-300x201.avif 300w\" sizes=\"(max-width: 626px) 100vw, 626px\" \/>\t\t\t\t\t\t\t\t\t\t\t\t\t<\/div>\n\t\t\t\t<\/div>\n\t\t\t\t<div class=\"elementor-element elementor-element-4eacc87 elementor-widget elementor-widget-tm-ele-text-editor\" data-id=\"4eacc87\" data-element_type=\"widget\" data-widget_type=\"tm-ele-text-editor.default\">\n\t\t\t\t<div class=\"elementor-widget-container\">\n\t\t\t\t\t<div class=\"tm-text-editor\">\r\n\t\t<h3 class=\"mt-4\">Consultoria de Conte\u00fado de Redes Sociais<\/h3>\t\t<\/div>\r\n\t\t\t<\/div>\n\t\t\t\t<\/div>\n\t\t\t\t<div class=\"elementor-element elementor-element-58aa681 elementor-widget elementor-widget-tm-ele-text-editor\" data-id=\"58aa681\" data-element_type=\"widget\" data-widget_type=\"tm-ele-text-editor.default\">\n\t\t\t\t<div class=\"elementor-widget-container\">\n\t\t\t\t\t<div class=\"tm-text-editor\">\r\n\t\t<p>Consultoria em Redes Sociais \u00e9 um servi\u00e7o estrat\u00e9gico focado em oferecer orienta\u00e7\u00e3o especializada e dire\u00e7\u00e3o para otimizar a presen\u00e7a online de uma empresa ou marca. Esse servi\u00e7o envolve uma\u00a0an\u00e1lise aprofundada das estrat\u00e9gias de\u00a0<em>Social Media\u00a0<\/em>j\u00e1 existentes ou, a falta delas. Isto \u00e9, baseado nas metas definidas pelo cliente.<\/p><p>Assim, a Consultoria tem como objetivo\u00a0identificar \u00e1reas e oportunidades de melhoria e oferecer orienta\u00e7\u00f5es estrat\u00e9gicas para que a marca ou empresa possa alcan\u00e7ar resultados mais eficazes, ou seja, ajuda a alavancar seu desempenho.<\/p><p>Com base nos dados coletados e nas metas estabelecidas pela empresa, a Consultoria elabora estrat\u00e9gias personalizadas. Isso engloba\u00a0recomenda\u00e7\u00f5es espec\u00edficas\u00a0para melhorar o conte\u00fado, a frequ\u00eancia das postagens, o uso de <em>hashtags<\/em>, dentre outros. Pode incluir at\u00e9 mesmo sugest\u00f5es sobre aprimoramento da linguagem, estilo visual, intera\u00e7\u00f5es com a audi\u00eancia e at\u00e9 a utiliza\u00e7\u00e3o de ferramentas anal\u00edticas avan\u00e7adas.<\/p><p>Uma Consultoria de Redes Sociais pode ajudar a:<\/p><ul><li>Identificar oportunidades de melhoria;<\/li><li>Oferecer orienta\u00e7\u00f5es estrat\u00e9gicas;<\/li><li>Elaborar estrat\u00e9gias personalizadas;<\/li><li>Recomendar melhorias no conte\u00fado, frequ\u00eancia de postagens, uso de <em>hashtags<\/em>, entre outros;<\/li><li>Sugerir aprimoramentos na linguagem, estilo visual, intera\u00e7\u00f5es com a audi\u00eancia.<\/li><\/ul><p><\/p><p><\/p><p>A Consultoria de Redes Sociais \u00e9 recomendada para empresas que j\u00e1 trabalham nas m\u00eddias sociais, mas querem otimizar as suas estrat\u00e9gias.\u00a0Tamb\u00e9m pode ser uma op\u00e7\u00e3o para empresas que n\u00e3o t\u00eam or\u00e7amento para uma campanha digital gerenciada por uma ag\u00eancia.<\/p><p>Ent\u00e3o, se voc\u00ea j\u00e1 tem presen\u00e7a nas redes sociais e quer melhorar seu perfil e posicionamento no mundo on-line...<\/p><p><a href=\"https:\/\/flowmidia.com.br\/index.php\/contato\/\">Entre em contato<\/a>... N\u00f3s podemos te ajudar!<\/p>\t\t<\/div>\r\n\t\t\t<\/div>\n\t\t\t\t<\/div>\n\t\t\t\t<\/div>\n\t\t\t\t\t<\/div>\n\t\t\t\t<\/div>\n\t\t\t\t<\/div>\n\t\t","protected":false},"excerpt":{"rendered":"<p>Redes Sociais Tr\u00e1fego Pago Blog SEO \u2013 Otimiza\u00e7\u00e3o de Sites Consultoria de Conte\u00fado de Redes Sociais Entre em contato! Consultoria&#8230;<\/p>\n","protected":false},"author":1,"featured_media":0,"parent":8811,"menu_order":0,"comment_status":"closed","ping_status":"closed","template":"","meta":{"footnotes":""},"class_list":["post-15250","page","type-page","status-publish","hentry"],"_links":{"self":[{"href":"https:\/\/flowmidia.com.br\/index.php\/wp-json\/wp\/v2\/pages\/15250","targetHints":{"allow":["GET"]}}],"collection":[{"href":"https:\/\/flowmidia.com.br\/index.php\/wp-json\/wp\/v2\/pages"}],"about":[{"href":"https:\/\/flowmidia.com.br\/index.php\/wp-json\/wp\/v2\/types\/page"}],"author":[{"embeddable":true,"href":"https:\/\/flowmidia.com.br\/index.php\/wp-json\/wp\/v2\/users\/1"}],"replies":[{"embeddable":true,"href":"https:\/\/flowmidia.com.br\/index.php\/wp-json\/wp\/v2\/comments?post=15250"}],"version-history":[{"count":10,"href":"https:\/\/flowmidia.com.br\/index.php\/wp-json\/wp\/v2\/pages\/15250\/revisions"}],"predecessor-version":[{"id":15318,"href":"https:\/\/flowmidia.com.br\/index.php\/wp-json\/wp\/v2\/pages\/15250\/revisions\/15318"}],"up":[{"embeddable":true,"href":"https:\/\/flowmidia.com.br\/index.php\/wp-json\/wp\/v2\/pages\/8811"}],"wp:attachment":[{"href":"https:\/\/flowmidia.com.br\/index.php\/wp-json\/wp\/v2\/media?parent=15250"}],"curies":[{"name":"wp","href":"https:\/\/api.w.org\/{rel}","templated":true}]}}